{"id":126,"date":"2021-01-06T12:32:47","date_gmt":"2021-01-06T11:32:47","guid":{"rendered":"http:\/\/evolution.toparvea.com\/arv1\/mot-de-passe-oublie-2\/"},"modified":"2021-01-06T12:32:47","modified_gmt":"2021-01-06T11:32:47","slug":"mot-de-passe-oublie-2","status":"publish","type":"page","link":"http:\/\/evolution.toparvea.com\/arv1\/mot-de-passe-oublie-2\/","title":{"rendered":"Mot de passe oubli\u00e9"},"content":{"rendered":"<div class=\"pmagic\">  \n <div class=\"pm-login-box pm-dbfl pm-border pm-radius5\"> \n\n \n \n <form id=\"lostpasswordform\" class=\"pmagic-form pm-dbfl pm-bg-lt\"\n       action=\"http:\/\/evolution.toparvea.com\/arv1\/wp-login.php?action=lostpassword\" method=\"post\">\n\n     <input type=\"hidden\" name=\"pm_password_nonce\" value=\"0259e310e9\" \/>\n     <div class=\"pm-login-header pm-dbfl pm-bg pm-border-bt pm-pad10\">\n         Si vous avez perdu votre mot de passe, nous pouvons vous aider \u00e0 le r\u00e9initialiser. Pour lancer le processus de r\u00e9initialisation du mot de passe, veuillez entrer votre nom d&#039;utilisateur ou votre email dans la case ci-dessous et cliquer sur le bouton.     <\/div>\n\n     <input type=\"text\" \n            name=\"user_login\" \n            id=\"user_login\" \n            placeholder=\"Identifiant ou adresse e-mail\">\n\n     <div class=\"pm-login-box-bottom-container pm-dbfl pm-bg pm-border\">\n         <input type=\"submit\" name=\"submit\" class=\"lostpassword-button\"\n                value=\"Modifier le mot de passe\"\/>\n     <\/div>\n\n <\/form>\n\n \n <\/div>\n<\/div>\n\n","protected":false},"excerpt":{"rendered":"","protected":false},"author":1,"featured_media":0,"parent":0,"menu_order":0,"comment_status":"closed","ping_status":"closed","template":"","meta":{"content-type":"","footnotes":""},"class_list":["post-126","page","type-page","status-publish","hentry"],"_links":{"self":[{"href":"http:\/\/evolution.toparvea.com\/arv1\/wp-json\/wp\/v2\/pages\/126","targetHints":{"allow":["GET"]}}],"collection":[{"href":"http:\/\/evolution.toparvea.com\/arv1\/wp-json\/wp\/v2\/pages"}],"about":[{"href":"http:\/\/evolution.toparvea.com\/arv1\/wp-json\/wp\/v2\/types\/page"}],"author":[{"embeddable":true,"href":"http:\/\/evolution.toparvea.com\/arv1\/wp-json\/wp\/v2\/users\/1"}],"replies":[{"embeddable":true,"href":"http:\/\/evolution.toparvea.com\/arv1\/wp-json\/wp\/v2\/comments?post=126"}],"version-history":[{"count":0,"href":"http:\/\/evolution.toparvea.com\/arv1\/wp-json\/wp\/v2\/pages\/126\/revisions"}],"wp:attachment":[{"href":"http:\/\/evolution.toparvea.com\/arv1\/wp-json\/wp\/v2\/media?parent=126"}],"curies":[{"name":"wp","href":"https:\/\/api.w.org\/{rel}","templated":true}]}}